{"id":1081,"date":"2022-07-25T18:52:52","date_gmt":"2022-07-25T23:52:52","guid":{"rendered":"https:\/\/cotaesg.vip\/?page_id=1081"},"modified":"2023-07-16T20:52:54","modified_gmt":"2023-07-17T01:52:54","slug":"galeria-de-eventos","status":"publish","type":"page","link":"https:\/\/cotaesg.vip\/?page_id=1081","title":{"rendered":"Galer\u00eda de eventos. CLASS 2022."},"content":{"rendered":"\n<p>En orden cronol\u00f3gico<\/p>\n\n\n\n<figure class=\"wp-block-table\"><table><tbody><tr><td><a href=\"https:\/\/sway.office.com\/tLXEmoIkqyy8kD2M?ref=Link\" target=\"_blank\" rel=\"noreferrer noopener\">*** FOTOS DE ORO ***<\/a><\/td><\/tr><tr><td><a rel=\"noreferrer noopener\" href=\"https:\/\/sway.office.com\/8XOxFhutKrAISQnD?ref=Link\" target=\"_blank\">Graduaci\u00f3n. 46ta Promoci\u00f3n &#8211; T\u00e9cnicos<\/a>. Parte 4<\/td><\/tr><tr><td><a rel=\"noreferrer noopener\" href=\"https:\/\/sway.office.com\/pDfjYPAlaveV9z8n?ref=Link\" target=\"_blank\">Graduaci\u00f3n. 46ta Promoci\u00f3n &#8211; T\u00e9cnicos<\/a>. Parte 3<\/td><\/tr><tr><td><a rel=\"noreferrer noopener\" href=\"https:\/\/sway.office.com\/azjd54KZMeAH6hBR?ref=Link\" target=\"_blank\">Graduaci\u00f3n. 46ta Promoci\u00f3n &#8211; T\u00e9cnicos<\/a>. Parte 2<\/td><\/tr><tr><td><a rel=\"noreferrer noopener\" href=\"https:\/\/sway.office.com\/PksZF6koTo9gb0O9?ref=Link\" target=\"_blank\">Graduaci\u00f3n. 46ta Promoci\u00f3n &#8211; T\u00e9cnicos<\/a>. Parte 1<\/td><\/tr><tr><td><a rel=\"noreferrer noopener\" href=\"https:\/\/sway.office.com\/8J7iUThIutbVuxf9?ref=Link\" target=\"_blank\">Graduaci\u00f3n. 46ta Promoci\u00f3n &#8211; Ciencias<\/a>.<\/td><\/tr><tr><td><a rel=\"noreferrer noopener\" href=\"https:\/\/sway.office.com\/JfEbcRuN61vGgEp4?ref=Link\" target=\"_blank\">Sesi\u00f3n Solemne. 50 Aniversario<\/a><\/td><\/tr><tr><td><a rel=\"noreferrer noopener\" href=\"https:\/\/sway.office.com\/uAGqFdWGKeGpgegm?ref=Link\" target=\"_blank\">Exposici\u00f3n de casa abierta. 50 Aniversario<\/a><\/td><\/tr><\/tbody><\/table><figcaption class=\"wp-element-caption\">Con tecnolog\u00eda SWAY de Microsoft 365<\/figcaption><\/figure>\n","protected":false},"excerpt":{"rendered":"<p>En orden cronol\u00f3gico *** FOTOS DE ORO *** Graduaci\u00f3n. 46ta Promoci\u00f3n &#8211; T\u00e9cnicos. Parte 4&#8230;<\/p>\n","protected":false},"author":1,"featured_media":0,"parent":0,"menu_order":0,"comment_status":"closed","ping_status":"closed","template":"","meta":{"footnotes":""},"class_list":["post-1081","page","type-page","status-publish","hentry"],"_links":{"self":[{"href":"https:\/\/cotaesg.vip\/index.php?rest_route=\/wp\/v2\/pages\/1081","targetHints":{"allow":["GET"]}}],"collection":[{"href":"https:\/\/cotaesg.vip\/index.php?rest_route=\/wp\/v2\/pages"}],"about":[{"href":"https:\/\/cotaesg.vip\/index.php?rest_route=\/wp\/v2\/types\/page"}],"author":[{"embeddable":true,"href":"https:\/\/cotaesg.vip\/index.php?rest_route=\/wp\/v2\/users\/1"}],"replies":[{"embeddable":true,"href":"https:\/\/cotaesg.vip\/index.php?rest_route=%2Fwp%2Fv2%2Fcomments&post=1081"}],"version-history":[{"count":21,"href":"https:\/\/cotaesg.vip\/index.php?rest_route=\/wp\/v2\/pages\/1081\/revisions"}],"predecessor-version":[{"id":1229,"href":"https:\/\/cotaesg.vip\/index.php?rest_route=\/wp\/v2\/pages\/1081\/revisions\/1229"}],"wp:attachment":[{"href":"https:\/\/cotaesg.vip\/index.php?rest_route=%2Fwp%2Fv2%2Fmedia&parent=1081"}],"curies":[{"name":"wp","href":"https:\/\/api.w.org\/{rel}","templated":true}]}}