{"id":121,"date":"2018-12-26T17:44:54","date_gmt":"2018-12-26T22:44:54","guid":{"rendered":"http:\/\/www2.cotaesg.edu.ec\/?page_id=121"},"modified":"2023-10-07T14:26:49","modified_gmt":"2023-10-07T19:26:49","slug":"editorial","status":"publish","type":"page","link":"https:\/\/cotaesg.vip\/?page_id=121","title":{"rendered":"Editorial"},"content":{"rendered":"\n<p>Por. Enrique Montenegro.<\/p>\n\n\n\n<p>RECTOR(E).<\/p>\n\n\n\n<p>El Colegio Nacional T\u00e9cnico Agropecuario Eduardo Salazar G\u00f3mez de Pifo, (<strong>COTAESG<\/strong>) sus autoridades a trav\u00e9s de la Comisi\u00f3n de Comunicaci\u00f3n e Imagen Institucional ha creado un portal web para presentar sus actividades acad\u00e9micas, sociales, culturales, deportivas y todo el quehacer de la comunidad educativa, la plataforma web <strong>www.cotaesg.vip<\/strong> es una iniciativa de sus directivos y de la Comisi\u00f3n de comunicaci\u00f3n e Imagen Institucional que propende el acceso abierto y democr\u00e1tico al conocimiento cient\u00edfico, cultural bajo ciertos principios \u00e9ticos que garanticen la calidad de los editoriales y art\u00edculos acad\u00e9micos.<\/p>\n\n\n\n<p>Actualmente, la Instituci\u00f3n oferta los servicios de Educaci\u00f3n General B\u00e1sica Superior (octavo, noveno y d\u00e9cimo a\u00f1o) y Bachillerato en Ciencias, Bachillerato en Explotaciones agropecuarias y Bachillerato en Ventas e Informaci\u00f3n Tur\u00edstica (primero, segundo y tercer a\u00f1o).<\/p>\n\n\n\n<p>El portal contar\u00e1 con contenidos de las revistas acad\u00e9micas, resoluciones, acuerdos del colegio, del Distrito y del MINEDUC en diferentes \u00e1reas del conocimiento como Ciencias Sociales, Ciencias Naturales, Matem\u00e1ticas, F\u00edsica, Ciencias Administrativas, Ciencias del Lenguaje, Idioma Extranjero, Educaci\u00f3n Cultural y Art\u00edstica, Educaci\u00f3n F\u00edsica, Deportes, Ciencia Tecnolog\u00eda y Sociedad que se editan desde La Sala de Redacci\u00f3n del Centro de C\u00f3mputo del Colegio y que podr\u00e1n ser consultadas y descargadas. Su p\u00fablico objetivo son investigadores, profesores, estudiantes y padres madres de familia, profesionales en cada una de las disciplinas a las que se dirigen.<\/p>\n\n\n\n<p>La p\u00e1gina Web es un sistema que ofrece muchas ventajas y ha sido dise\u00f1ado para la gesti\u00f3n editorial de revistas de contenidos, principalmente acad\u00e9micas, culturales, deportivas, sociales. En consecuencia, la implementaci\u00f3n de esta plataforma no s\u00f3lo facilitar\u00e1 la labor de los docentes, autoridades, sino que todas las partes involucradas como estudiantes, representantes legales, padres de familia y p\u00fablico en general, se beneficiar\u00e1n. Adem\u00e1s, cualquier persona, investigador o lector, que est\u00e9 buscando un trabajo en un tema en el que nuestras revistas hayan publicado un art\u00edculo.<\/p>\n\n\n\n<p>Este portal&nbsp;<strong>www.cotaesg.vip<\/strong>&nbsp;se une a todo un plan de posicionamiento nacional e internacional del Colegio Nacional T\u00e9cnico Agropecuario Eduardo Salazar G\u00f3mez de Pifo, Los interesados podr\u00e1n ingresar y conocer todos los servicios que oferta nuestra Instituci\u00f3n Educativa.<\/p>\n","protected":false},"excerpt":{"rendered":"<p>Por. Enrique Montenegro. RECTOR(E). El Colegio Nacional T\u00e9cnico Agropecuario Eduardo Salazar G\u00f3mez de Pifo, (COTAESG)&#8230;<\/p>\n","protected":false},"author":1,"featured_media":0,"parent":0,"menu_order":0,"comment_status":"closed","ping_status":"closed","template":"","meta":{"footnotes":""},"class_list":["post-121","page","type-page","status-publish","hentry"],"_links":{"self":[{"href":"https:\/\/cotaesg.vip\/index.php?rest_route=\/wp\/v2\/pages\/121","targetHints":{"allow":["GET"]}}],"collection":[{"href":"https:\/\/cotaesg.vip\/index.php?rest_route=\/wp\/v2\/pages"}],"about":[{"href":"https:\/\/cotaesg.vip\/index.php?rest_route=\/wp\/v2\/types\/page"}],"author":[{"embeddable":true,"href":"https:\/\/cotaesg.vip\/index.php?rest_route=\/wp\/v2\/users\/1"}],"replies":[{"embeddable":true,"href":"https:\/\/cotaesg.vip\/index.php?rest_route=%2Fwp%2Fv2%2Fcomments&post=121"}],"version-history":[{"count":11,"href":"https:\/\/cotaesg.vip\/index.php?rest_route=\/wp\/v2\/pages\/121\/revisions"}],"predecessor-version":[{"id":1301,"href":"https:\/\/cotaesg.vip\/index.php?rest_route=\/wp\/v2\/pages\/121\/revisions\/1301"}],"wp:attachment":[{"href":"https:\/\/cotaesg.vip\/index.php?rest_route=%2Fwp%2Fv2%2Fmedia&parent=121"}],"curies":[{"name":"wp","href":"https:\/\/api.w.org\/{rel}","templated":true}]}}