{"id":213,"date":"2018-12-31T19:56:20","date_gmt":"2019-01-01T00:56:20","guid":{"rendered":"https:\/\/cotaesg.vip\/?page_id=213"},"modified":"2024-07-19T14:48:29","modified_gmt":"2024-07-19T19:48:29","slug":"contactenos","status":"publish","type":"page","link":"https:\/\/cotaesg.vip\/?page_id=213","title":{"rendered":"ABOUT US"},"content":{"rendered":"<table border=\"0\">\n<tbody>\n<tr>\n<td>INSTITUCI\u00d3N :<\/td>\n<td>INSTITUCI\u00d3N EDUCATIVA \u00ab<em>EDUARDO SALAZAR G\u00d3MEZ<\/em>\u00ab<\/td>\n<\/tr>\n<tr>\n<td><strong>C\u00d3DIGO AMIE : <\/strong><\/td>\n<td><strong>17H01903<\/strong><\/td>\n<\/tr>\n<tr>\n<td><\/td>\n<td><\/td>\n<\/tr>\n<tr>\n<td>ZONA :<\/td>\n<td>9<\/td>\n<\/tr>\n<tr>\n<td>PROVINCIA :<\/td>\n<td>PICHINCHA (17)<\/td>\n<\/tr>\n<tr>\n<td>.<\/td>\n<td>SUBSECRETAR\u00cdA DE EDUCACI\u00d3N DEL DISTRITO METROPOLITANO DE QUITO<\/td>\n<\/tr>\n<tr>\n<td>C\u00d3DIGO DISTRITO :<\/td>\n<td>17D09<\/td>\n<\/tr>\n<tr>\n<td>NOMBRE DISTRITO :<\/td>\n<td>TUMBACO<\/td>\n<\/tr>\n<tr>\n<td>CODIGO CIRCUITO :<\/td>\n<td>17D09C05<\/td>\n<\/tr>\n<tr>\n<td>NOMBRE CIRCUITO :<\/td>\n<td>PIFO<\/td>\n<\/tr>\n<tr>\n<td><\/td>\n<td><\/td>\n<\/tr>\n<tr>\n<td>C\u00d3DIGO POSTAL:<\/td>\n<td>\u00a0<strong>170906<\/strong><\/td>\n<\/tr>\n<tr>\n<td>DIRECCI\u00d3N :<\/td>\n<td><a href=\"https:\/\/mapsengine.google.com\/map\/edit?mid=zFYJE47qkIhs.kn6VLU_b2454\" target=\"_parent\" rel=\"noopener noreferrer\">PIFO, San Rafael, Jos\u00e9 Rafael Delgado S2-239 y Av. Interoce\u00e1nica<\/a><\/td>\n<\/tr>\n<tr>\n<td>LATITUD:<\/td>\n<td><strong>&#8211;<\/strong>0.22764384458627476 (S 0\u00b0 13&#8242;\u00a039.518\u00bb)<\/td>\n<\/tr>\n<tr>\n<td>LONGITUD:<\/td>\n<td><strong>&#8211;<\/strong>78.34337711334229 (O 78\u00b0\u00a020&#8242; 36.157\u00bb)<\/td>\n<\/tr>\n<tr>\n<td>ALTURA:<\/td>\n<td>2587 m<\/td>\n<\/tr>\n<tr>\n<td>EMAIL :<\/td>\n<td><a href=\"mailto:info@cotaesg.vip\">info@cotaesg.vip<\/a><\/td>\n<\/tr>\n<tr>\n<td>WEB :<\/td>\n<td><a href=\"http:\/\/cotaesg.vip\">cotaesg.vip<\/a><\/td>\n<\/tr>\n<tr>\n<td>TEL\u00c9FONO RECTORADO:<\/td>\n<td>02 &#8211; 2 3 8 1 1 4 3<\/td>\n<\/tr>\n<tr>\n<td>TEL\u00c9FONO SECRETAR\u00cdA:<\/td>\n<td>02 &#8211; 2 3 8 0 1 5 6<\/td>\n<\/tr>\n<tr>\n<td>JORNADAS\u00a0(Estudiantes)<\/td>\n<td>&lt; <em><strong>Matutina<\/strong>: Inicio 07h00 ; Salida BGU 12h30 ; Salida Bachilleratos T\u00e9cnicos 13h05<\/em><em>&lt; <strong>Vespertina<\/strong>: Inicio 13h10 ; Salida 18h10<\/em><em>&lt; <strong>Nocturna<\/strong>: Inicio 18h10 ; Salida 22h30<\/em><\/td>\n<\/tr>\n<tr>\n<td>NIVELES<\/td>\n<td>Educaci\u00f3n General B\u00e1sica Superior <strong>EGB<\/strong> (Octavo, Noveno y D\u00e9cimo);<br \/>\n<strong>Bachillerato<\/strong> (Primero, Segundo y Tercero)<\/td>\n<\/tr>\n<tr>\n<td>ESPECIALIDADES :<\/td>\n<td>&lt; B<em>achillerato en CIENCIAS.<\/em><em>&lt; Bachillerato T\u00e9cnico de Servicios en Ventas e Informaci\u00f3n Tur\u00edstica.<br \/>\n<\/em><\/td>\n<\/tr>\n<tr>\n<td><\/td>\n<td><\/td>\n<\/tr>\n<tr>\n<td>FECHA DE CREACI\u00d3N<\/td>\n<td>17 de julio de 1972 (Decreto 635)<\/td>\n<\/tr>\n<tr>\n<td>\n<h6>FECHA DE CELEBRACI\u00d3N<\/h6>\n<\/td>\n<td>\n<h6><strong>5 de junio de cada a\u00f1o. (D\u00eda del Liberalismo Ecuatoriano)<br \/>\n<\/strong><\/h6>\n<\/td>\n<\/tr>\n<\/tbody>\n<\/table>\n<table border=\"0\">\n<tbody>\n<tr>\n<td width=\"134\"><strong>REDES SOCIALES\u00a0<\/strong><\/td>\n<td width=\"650\"><strong>CUENTA OFICIAL:<\/strong><\/td>\n<\/tr>\n<tr>\n<td width=\"134\">TELEGRAM messenger<\/td>\n<td width=\"650\"><a href=\"http:\/\/t.me\/cotaesg3\"><img loading=\"lazy\" decoding=\"async\" src=\"https:\/\/cotaesg.vip\/wp-content\/uploads\/2018\/12\/telegram-icon.jpg\" alt=\"\" width=\"69\" height=\"69\" \/><\/a><\/td>\n<\/tr>\n<tr>\n<td width=\"134\">FACEBOOK<\/td>\n<td width=\"650\"><a href=\"http:\/\/facebook.com\/cotaesg3\"><img loading=\"lazy\" decoding=\"async\" class=\"alignnone\" src=\"https:\/\/cotaesg.vip\/wp-content\/uploads\/2018\/12\/facebook.jpg\" alt=\"\" width=\"51\" height=\"51\" \/><\/a><\/td>\n<\/tr>\n<tr>\n<td>TWITTER<\/td>\n<td><a href=\"https:\/\/twitter.com\/COTAESG\"><img loading=\"lazy\" decoding=\"async\" src=\"https:\/\/cotaesg.vip\/wp-content\/uploads\/2018\/12\/twitter.jpg\" alt=\"twitter\" width=\"50\" height=\"50\" longdesc=\"twitter.jpg\" \/><\/a><\/td>\n<\/tr>\n<tr>\n<td>YOUTUBE<\/td>\n<td><a href=\"http:\/\/www.youtube.com\/c\/cotaesg\"><img loading=\"lazy\" decoding=\"async\" src=\"https:\/\/cotaesg.vip\/wp-content\/uploads\/2018\/12\/youtube.jpg\" alt=\"\" width=\"78\" height=\"49\" \/><\/a><\/td>\n<\/tr>\n<tr>\n<td>TIKTOK<\/td>\n<td><a href=\"https:\/\/www.tiktok.com\/@cotaesg\"><img loading=\"lazy\" decoding=\"async\" class=\"alignnone  wp-image-1204\" src=\"https:\/\/cotaesg.vip\/wp-content\/uploads\/2023\/01\/TIKTOK-logo-300x300.jpg\" alt=\"\" width=\"56\" height=\"56\" srcset=\"https:\/\/cotaesg.vip\/wp-content\/uploads\/2023\/01\/TIKTOK-logo-300x300.jpg 300w, https:\/\/cotaesg.vip\/wp-content\/uploads\/2023\/01\/TIKTOK-logo-1024x1024.jpg 1024w, https:\/\/cotaesg.vip\/wp-content\/uploads\/2023\/01\/TIKTOK-logo-150x150.jpg 150w, https:\/\/cotaesg.vip\/wp-content\/uploads\/2023\/01\/TIKTOK-logo-768x768.jpg 768w, https:\/\/cotaesg.vip\/wp-content\/uploads\/2023\/01\/TIKTOK-logo-1536x1536.jpg 1536w, https:\/\/cotaesg.vip\/wp-content\/uploads\/2023\/01\/TIKTOK-logo.jpg 1920w\" sizes=\"auto, (max-width: 56px) 100vw, 56px\" \/><\/a><\/td>\n<\/tr>\n<tr>\n<td>FLICKR<\/td>\n<td><a href=\"https:\/\/www.flickr.com\/people\/cotaesg\/\"><img loading=\"lazy\" decoding=\"async\" src=\"https:\/\/cotaesg.vip\/wp-content\/uploads\/2018\/12\/flickr.jpg\" alt=\"\" width=\"65\" height=\"58\" \/><\/a><\/td>\n<\/tr>\n<\/tbody>\n<\/table>\n<table border=\"0\">\n<tbody>\n<tr>\n<td><\/td>\n<td>Desde 1971 formando mujeres y hombres de bien.<\/td>\n<\/tr>\n<\/tbody>\n<\/table>\n","protected":false},"excerpt":{"rendered":"<p>INSTITUCI\u00d3N : INSTITUCI\u00d3N EDUCATIVA \u00abEDUARDO SALAZAR G\u00d3MEZ\u00ab C\u00d3DIGO AMIE : 17H01903 ZONA : 9 PROVINCIA&#8230;<\/p>\n","protected":false},"author":1,"featured_media":0,"parent":0,"menu_order":0,"comment_status":"closed","ping_status":"closed","template":"","meta":{"footnotes":""},"class_list":["post-213","page","type-page","status-publish","hentry"],"_links":{"self":[{"href":"https:\/\/cotaesg.vip\/index.php?rest_route=\/wp\/v2\/pages\/213","targetHints":{"allow":["GET"]}}],"collection":[{"href":"https:\/\/cotaesg.vip\/index.php?rest_route=\/wp\/v2\/pages"}],"about":[{"href":"https:\/\/cotaesg.vip\/index.php?rest_route=\/wp\/v2\/types\/page"}],"author":[{"embeddable":true,"href":"https:\/\/cotaesg.vip\/index.php?rest_route=\/wp\/v2\/users\/1"}],"replies":[{"embeddable":true,"href":"https:\/\/cotaesg.vip\/index.php?rest_route=%2Fwp%2Fv2%2Fcomments&post=213"}],"version-history":[{"count":52,"href":"https:\/\/cotaesg.vip\/index.php?rest_route=\/wp\/v2\/pages\/213\/revisions"}],"predecessor-version":[{"id":1341,"href":"https:\/\/cotaesg.vip\/index.php?rest_route=\/wp\/v2\/pages\/213\/revisions\/1341"}],"wp:attachment":[{"href":"https:\/\/cotaesg.vip\/index.php?rest_route=%2Fwp%2Fv2%2Fmedia&parent=213"}],"curies":[{"name":"wp","href":"https:\/\/api.w.org\/{rel}","templated":true}]}}