{"id":717,"date":"2021-03-18T21:27:39","date_gmt":"2021-03-19T02:27:39","guid":{"rendered":"https:\/\/cotaesg.vip\/?page_id=717"},"modified":"2024-06-10T20:19:28","modified_gmt":"2024-06-11T01:19:28","slug":"bachillerato-tecnico-de-servicios-en-ventas-e-informacion-turistica","status":"publish","type":"page","link":"https:\/\/cotaesg.vip\/?page_id=717","title":{"rendered":"Bachillerato T\u00e9cnico de Servicios en VENTAS E INFORMACI\u00d3N TUR\u00cdSTICA (Ver web VIT)"},"content":{"rendered":"\n<p>Bachillerato T\u00e9cnico de Servicios en Ventas e Informaci\u00f3n Tur\u00edstica<\/p>\n\n\n\n<div class=\"wp-block-themeisle-blocks-advanced-columns has-undefined-columns has-desktop-undefined-layout has-tablet-equal-layout has-mobile-equal-layout has-default-gap has-vertical-unset\" id=\"wp-block-themeisle-blocks-advanced-columns-462e758a\"><div class=\"wp-block-themeisle-blocks-advanced-columns-overlay\"><\/div><div class=\"innerblocks-wrap\"><\/div><\/div>\n\n\n\n<figure class=\"wp-block-image size-full\"><a href=\"https:\/\/vit.cotaesg.vip\"><img loading=\"lazy\" decoding=\"async\" width=\"707\" height=\"811\" src=\"https:\/\/cotaesg.vip\/wp-content\/uploads\/2024\/06\/VIT-LOGO-NUEVO-BORRADOR-2022.png\" alt=\"COTAESG VIT VENTAS E INFORMACI\u00d3N TUR\u00cdSTICA\" class=\"wp-image-1315\" srcset=\"https:\/\/cotaesg.vip\/wp-content\/uploads\/2024\/06\/VIT-LOGO-NUEVO-BORRADOR-2022.png 707w, https:\/\/cotaesg.vip\/wp-content\/uploads\/2024\/06\/VIT-LOGO-NUEVO-BORRADOR-2022-262x300.png 262w\" sizes=\"auto, (max-width: 707px) 100vw, 707px\" \/><\/a><figcaption class=\"wp-element-caption\"><strong>COTAESG VIT. LOGO OFICIAL (Dise\u00f1o original Carla Lig\u00f1a)<\/strong><\/figcaption><\/figure>\n\n\n\n<p><a href=\"https:\/\/vit.cotaesg.vip\">https:\/\/vit.cotaesg.vip<\/a><\/p>\n","protected":false},"excerpt":{"rendered":"<p>Bachillerato T\u00e9cnico de Servicios en Ventas e Informaci\u00f3n Tur\u00edstica https:\/\/vit.cotaesg.vip<\/p>\n","protected":false},"author":1,"featured_media":0,"parent":0,"menu_order":0,"comment_status":"closed","ping_status":"closed","template":"","meta":{"footnotes":""},"class_list":["post-717","page","type-page","status-publish","hentry"],"_links":{"self":[{"href":"https:\/\/cotaesg.vip\/index.php?rest_route=\/wp\/v2\/pages\/717","targetHints":{"allow":["GET"]}}],"collection":[{"href":"https:\/\/cotaesg.vip\/index.php?rest_route=\/wp\/v2\/pages"}],"about":[{"href":"https:\/\/cotaesg.vip\/index.php?rest_route=\/wp\/v2\/types\/page"}],"author":[{"embeddable":true,"href":"https:\/\/cotaesg.vip\/index.php?rest_route=\/wp\/v2\/users\/1"}],"replies":[{"embeddable":true,"href":"https:\/\/cotaesg.vip\/index.php?rest_route=%2Fwp%2Fv2%2Fcomments&post=717"}],"version-history":[{"count":8,"href":"https:\/\/cotaesg.vip\/index.php?rest_route=\/wp\/v2\/pages\/717\/revisions"}],"predecessor-version":[{"id":1325,"href":"https:\/\/cotaesg.vip\/index.php?rest_route=\/wp\/v2\/pages\/717\/revisions\/1325"}],"wp:attachment":[{"href":"https:\/\/cotaesg.vip\/index.php?rest_route=%2Fwp%2Fv2%2Fmedia&parent=717"}],"curies":[{"name":"wp","href":"https:\/\/api.w.org\/{rel}","templated":true}]}}