{"id":863,"date":"2021-07-30T16:39:27","date_gmt":"2021-07-30T21:39:27","guid":{"rendered":"https:\/\/cotaesg.vip\/?page_id=863"},"modified":"2021-07-30T17:08:42","modified_gmt":"2021-07-30T22:08:42","slug":"mision","status":"publish","type":"page","link":"https:\/\/cotaesg.vip\/?page_id=863","title":{"rendered":"MISI\u00d3N"},"content":{"rendered":"\n<p>Educando a mujeres y hombres de bien. Formando Profesionales de bien.<\/p>\n\n\n\n<p>El Colegio T\u00e9cnico Agropecuario \u201cEduardo Salazar G\u00f3mez\u201d es una instituci\u00f3n educativa con docentes capacitados y comprometidos a mejorar la calidad educativa; sirviendo a la poblaci\u00f3n sin discriminaci\u00f3n de raza, religi\u00f3n condici\u00f3n social y econ\u00f3mica. Forma estudiantes de Educaci\u00f3n B\u00e1sica y Bachilleres T\u00e9cnicos en Producci\u00f3n Agropecuaria, Ventas e Informaci\u00f3n Tur\u00edstica, y el Bachillerato en Ciencias, que garantice una educaci\u00f3n de calidad con equidad, democracia e integraci\u00f3n, entregando a la sociedad j\u00f3venes de gran calidad humana, innovadores, comunicadores y generadores de cambio, con h\u00e1bitos de investigaci\u00f3n y de superaci\u00f3n permanente, capaces de contribuir a crear una sociedad pac\u00edfica, emprendedora y respetuosos de la interculturalidad.<\/p>\n\n\n\n<p>DESDE 1971. L\u00cdDER EN EL VALLE DE TUMBACO<\/p>\n","protected":false},"excerpt":{"rendered":"<p>Educando a mujeres y hombres de bien. Formando Profesionales de bien. El Colegio T\u00e9cnico Agropecuario&#8230;<\/p>\n","protected":false},"author":1,"featured_media":0,"parent":0,"menu_order":0,"comment_status":"closed","ping_status":"closed","template":"","meta":{"footnotes":""},"class_list":["post-863","page","type-page","status-publish","hentry"],"_links":{"self":[{"href":"https:\/\/cotaesg.vip\/index.php?rest_route=\/wp\/v2\/pages\/863","targetHints":{"allow":["GET"]}}],"collection":[{"href":"https:\/\/cotaesg.vip\/index.php?rest_route=\/wp\/v2\/pages"}],"about":[{"href":"https:\/\/cotaesg.vip\/index.php?rest_route=\/wp\/v2\/types\/page"}],"author":[{"embeddable":true,"href":"https:\/\/cotaesg.vip\/index.php?rest_route=\/wp\/v2\/users\/1"}],"replies":[{"embeddable":true,"href":"https:\/\/cotaesg.vip\/index.php?rest_route=%2Fwp%2Fv2%2Fcomments&post=863"}],"version-history":[{"count":2,"href":"https:\/\/cotaesg.vip\/index.php?rest_route=\/wp\/v2\/pages\/863\/revisions"}],"predecessor-version":[{"id":875,"href":"https:\/\/cotaesg.vip\/index.php?rest_route=\/wp\/v2\/pages\/863\/revisions\/875"}],"wp:attachment":[{"href":"https:\/\/cotaesg.vip\/index.php?rest_route=%2Fwp%2Fv2%2Fmedia&parent=863"}],"curies":[{"name":"wp","href":"https:\/\/api.w.org\/{rel}","templated":true}]}}